{"id":172,"date":"2024-10-24T10:21:41","date_gmt":"2024-10-24T10:21:41","guid":{"rendered":"https:\/\/clients.panaco.ltd\/gorillaorganics\/?page_id=172"},"modified":"2026-02-11T16:16:58","modified_gmt":"2026-02-11T16:16:58","slug":"faqs","status":"publish","type":"page","link":"https:\/\/gorilla.organic\/fr\/faqs\/","title":{"rendered":"FAQ&#8217;s"},"content":{"rendered":"<h2>\n\t\t\tQUESTIONS FR\u00c9QUEMMENT POS\u00c9ES\t<\/h2>\n<h2>\n\t\t\tQuestions g\u00e9n\u00e9rales\t<\/h2>\n\t\t\t\t\t<a role=\"heading\" aria-level=\"2\" tabindex=\"-1\"  id=\"fl-accordion--label-0\">Qu'est-ce que le CBD ?<\/a>\n\t\t\t\t\t\t\t\t\t\t\t<button type=\"button\" id=\"fl-accordion--icon-0\" aria-expanded=\"false\" aria-controls=\"fl-accordion--panel-0\"><i>\u00c9largir<\/i><\/button>\n\t\t\t\t\t<p>Il s'agit d'un cannabino\u00efde, ce qui signifie qu'il s'agit d'un ingr\u00e9dient naturel que l'on trouve\ndans le chanvre. Il existe plus de 100 cannabino\u00efdes diff\u00e9rents dans cette famille. Le CBD\nest une substance chimique naturelle pr\u00e9sente dans le corps humain.<\/p>\n<p>It is a Cannabinoid (which means it&#8217;s a natural ingredient found in the hemp plant family) and there are over 100 different Cannabinoids present in this family. CBD is a naturally occurring chemical and is present in the human body.<\/p>\n<p>La majorit\u00e9 des CBD (y compris ceux de Gorilla Organic) sont extraits du chanvre industriel\n(Cannabis sativa L.), qui est cultiv\u00e9 l\u00e9galement dans le monde entier.<\/p>\n\t\t\t\t\t<a role=\"heading\" aria-level=\"2\" tabindex=\"-1\"  id=\"fl-accordion--label-1\">Why use CBD &amp; its benifits?<\/a>\n\t\t\t\t\t\t\t\t\t\t\t<button type=\"button\" id=\"fl-accordion--icon-1\" aria-expanded=\"false\" aria-controls=\"fl-accordion--panel-1\"><i>\u00c9largir<\/i><\/button>\n\t\t\t\t\t<p>CBD is known for its relaxing and analgesic effects, but not only&#8230; Laboratory tests have shown that cannabidiol acts as a neuroprotector and works effectively against multiple conditions such as:<\/p>\n<ul>\n<li>Anxi\u00e9t\u00e9 et stress,<\/li>\n<li>Douleurs li\u00e9es \u00e0 des maladies chroniques (scl\u00e9rose en plaques, fibromyalgie, etc.),<\/li>\n<li>Inflammation et syndromes inflammatoires chroniques (spondylarthrite ankylosante,\nintestin irritable, etc.)<\/li>\n<li>Troubles du sommeil<\/li>\n<\/ul>\nL'huile de CBD est \u00e9galement efficace pour r\u00e9duire les effets de l'acn\u00e9, du diab\u00e8te ou de l'\u00e9pilepsie. Mais le CBD n'est pas un m\u00e9dicament. Il agit sur les sympt\u00f4mes mais ne gu\u00e9rit pas.<br \/>\nEnfin, le CBD ne provoque pas d'effets psychoactifs ni d'effets secondaires. Sa consommation ne pr\u00e9sente donc aucun danger pour la sant\u00e9.\n\t\t\t\t\t<a role=\"heading\" aria-level=\"2\" tabindex=\"-1\"  id=\"fl-accordion--label-2\">\u00c0 qui s'adresse le CBD ?<\/a>\n\t\t\t\t\t\t\t\t\t\t\t<button type=\"button\" id=\"fl-accordion--icon-2\" aria-expanded=\"false\" aria-controls=\"fl-accordion--panel-2\"><i>\u00c9largir<\/i><\/button>\n\t\t\t\t\t<p><strong>Il s'adresse \u00e0 tout le monde !<\/strong><\/p>\n<p>Ces derni\u00e8res ann\u00e9es, le CBD a gagn\u00e9 en popularit\u00e9 en raison de son efficacit\u00e9 et de sa composition enti\u00e8rement naturelle. Ainsi, de grands noms, mais aussi des athl\u00e8tes internationaux et des musiciens professionnels, soutiennent et utilisent r\u00e9guli\u00e8rement le CBD. Sous forme de baume, de cr\u00e8me, d'huile ou m\u00eame de compl\u00e9ments alimentaires, le CBD est une v\u00e9ritable r\u00e9v\u00e9lation pour de nombreux athl\u00e8tes professionnels, qu'ils pratiquent le basket-ball, le football, le golf, le baseball, le hockey ou le MMA. Ces derniers n'h\u00e9sitent pas \u00e0 recommander le CBD pour soulager la douleur et favoriser la r\u00e9cup\u00e9ration musculaire.<\/p>\n<p>Consultez la liste compl\u00e8te des sportifs, musiciens et c\u00e9l\u00e9brit\u00e9s qui utilisent le CBD.<\/p>\n<p><a href=\"https:\/\/www.healthmj.com\/cbd\/celebrities-athletes-actors-musicians\/\">https:\/\/www.healthmj.com\/cbd\/celebrities-athletes-actors-musicians\/<\/a><\/p>\n\t\t\t\t\t<a role=\"heading\" aria-level=\"2\" tabindex=\"-1\"  id=\"fl-accordion--label-3\">Quelle est la loi fran\u00e7aise sur le CBD ?<\/a>\n\t\t\t\t\t\t\t\t\t\t\t<button type=\"button\" id=\"fl-accordion--icon-3\" aria-expanded=\"false\" aria-controls=\"fl-accordion--panel-3\"><i>\u00c9largir<\/i><\/button>\n\t\t\t\t\t<p>La prise de produits contenant du CBD est l\u00e9gale en France. Cependant, les produits contenant du THC, du THCV ou du CBN \u00e0 des niveaux sup\u00e9rieurs \u00e0 1 mg par contenant sont restreints et donc ill\u00e9gaux en France et en Europe. Tous les produits Gorilla Organic sont conformes aux lois fran\u00e7aises, britanniques et europ\u00e9ennes.<\/p>\n\t\t\t\t\t<a role=\"heading\" aria-level=\"2\" tabindex=\"-1\"  id=\"fl-accordion--label-4\">Quelles sont les diff\u00e9rences entre les cannabino\u00efdes?<\/a>\n\t\t\t\t\t\t\t\t\t\t\t<button type=\"button\" id=\"fl-accordion--icon-4\" aria-expanded=\"false\" aria-controls=\"fl-accordion--panel-4\"><i>\u00c9largir<\/i><\/button>\n\t\t\t\t\t<p>Bien qu'il existe plus de 100 cannabino\u00efdes, les deux plus connus sont le CBD et le THC (t\u00e9trahydrocannabinol). Ils sont tr\u00e8s diff\u00e9rents et ont des effets distincts sur le corps.<\/p>\n<ul>\n<li><strong>Le THC<\/strong> est un compos\u00e9 ayant des propri\u00e9t\u00e9s psychoactives (affectant l'esprit) et, par cons\u00e9quent, est actuellement ill\u00e9gal en France (mais c'est une substance contr\u00f4l\u00e9e l\u00e9galement au Royaume-Uni). TOUS NOS PRODUITS SONT SANS THC<\/li>\n<li><strong>Le CBD<\/strong> (cannabidiol) est un compos\u00e9 associ\u00e9 \u00e0 de nombreux bienfaits pour le bien-\u00eatre et est l\u00e9gal en France et en Europe. Le CBD est une huile d\u00e9riv\u00e9e du chanvre qui contient de fortes concentrations de CBD et de faibles concentrations de THC, et qui n'est pas psychoactive. Bien que le cannabidiol soit l'un des nombreux cannabino\u00efdes pr\u00e9sents dans la plante Cannabis sativa, y compris le CBG, le cannabidiol est distinct du CBG en termes de structure chimique et de concentration dans la plante.<br \/>\nLa recherche indique que les avantages de l'huile de CBD incluent son utilisation comme neuroprotecteur et comme th\u00e9rapie potentiellement efficace contre la douleur et de nombreuses maladies, dont l'\u00e9pilepsie, l'anxi\u00e9t\u00e9, l'arthrite, les douleurs chroniques et le cancer. Le CBD \u00e9tant prometteur dans le traitement de ces maladies, il est compr\u00e9hensible que l'industrie du bien-\u00eatre s'int\u00e9resse de pr\u00e8s \u00e0 l'ajout d'autres cannabino\u00efdes.<br \/>\nEn outre, alors que les chercheurs continuent d'\u00e9tudier le CBD, un cannabino\u00efde moins connu, le CBG, fait son apparition sur le devant de la sc\u00e8ne de l'industrie de la sant\u00e9.<\/li>\n<li><strong>CBG<\/strong>\u00a0(Canabigerol) While CBD is well-known around the globe as a popular supplement, CBG is relatively unheard of. This &#8220;first&#8221; or &#8220;stem cell&#8221; cannabinoid compound has the highest concentrations in flowering cannabis plants. Before cannabinoids are converted to THC or CBD, they are first CBG. It is after harvesting, drying and processing that the CBG is found in trace amounts, which has many experts deeming it a minor cannabinoid. Like its fellow cannabinoid, CBD, CBG does not have hallucinogenic properties. Many findings show that CBG has significant healing properties and could be beneficial as an anti-inflammatory, antibacterial, antifungal, antioxidant, appetite stimulant, and neuroprotectant. Early studies suggest Cannabigerol may effectively treat many conditions, including the following:\n<ul>\n<li>D\u00e9pression<\/li>\n<li>Anxi\u00e9t\u00e9<\/li>\n<li>Glaucome<\/li>\n<li>Ost\u00e9oporose<\/li>\n<li>Cancer du c\u00f4lon<\/li>\n<li>Vessie hyperactive<\/li>\n<li>Psoriasis et ecz\u00e9ma<\/li>\n<li>Maladie inflammatoire de l'intestin<\/li>\n<li>Douleur chronique<\/li>\n<li>Insomnie<\/li>\n<li>Epilepsie<\/li>\n<li>Huntington&#8217;s disease<\/li>\n<li>Staphylococcus aureus r\u00e9sistant \u00e0 la m\u00e9thicilline (SARM)<\/li>\n<\/ul>\n<\/li>\n<\/ul>\n<p>Any French legal CBD product must show what it contains and tests must be carried out on a batch by batc basis to prove the finished product only contains trace amounts of THC. It&#8217;s important to purchase from a trusted and legitimate manufacturer. Gorilla Organic&#8217;s products comply with laboratory requirements.<\/p>\n<p>En fait, nous disposons d'un laboratoire sp\u00e9cifique employant une \u00e9quipe de scientifiques pour garantir que nos produits r\u00e9pondent aux normes les plus \u00e9lev\u00e9es possibles, offrent des performances maximales \u00e0 nos clients et obtiennent le label de qualit\u00e9 Phytovista.<\/p>\n<h2>\n\t\t\tQuestions pratiques\t<\/h2>\n\t\t\t\t\t<a role=\"heading\" aria-level=\"2\" tabindex=\"-1\"  id=\"fl-accordion--label-0\">Cela me fera-t-il planer ?<\/a>\n\t\t\t\t\t\t\t\t\t\t\t<button type=\"button\" id=\"fl-accordion--icon-0\" aria-expanded=\"false\" aria-controls=\"fl-accordion--panel-0\"><i>\u00c9largir<\/i><\/button>\n\t\t\t\t\t<p>No. CBD is non-psychoactive and does not make you &#8220;high&#8221;.<\/p>\n\t\t\t\t\t<a role=\"heading\" aria-level=\"2\" tabindex=\"-1\"  id=\"fl-accordion--label-1\">Peut-on faire une overdose de CBD ?<\/a>\n\t\t\t\t\t\t\t\t\t\t\t<button type=\"button\" id=\"fl-accordion--icon-1\" aria-expanded=\"false\" aria-controls=\"fl-accordion--panel-1\"><i>\u00c9largir<\/i><\/button>\n\t\t\t\t\t<p>No. CBD is non-toxic, as such no fatal overdose levels have ever been reported. Several studies have evaluated the safety of CBD in adults and concluded that it&#8217;s well tolerated to levels greater than the average person would need.<\/p>\n\t\t\t\t\t<a role=\"heading\" aria-level=\"2\" tabindex=\"-1\"  id=\"fl-accordion--label-2\">Dois-je prendre du CBD si je prends d'autres m\u00e9dicaments ?<\/a>\n\t\t\t\t\t\t\t\t\t\t\t<button type=\"button\" id=\"fl-accordion--icon-2\" aria-expanded=\"false\" aria-controls=\"fl-accordion--panel-2\"><i>\u00c9largir<\/i><\/button>\n\t\t\t\t\t<p>Le CBD inhibe l'enzyme CYP450, tout comme le pamplemousse. Certains m\u00e9dicaments sont \u00e9limin\u00e9s de l'organisme par le foie \u00e0 l'aide de cette enzyme. L'inhibition de cette enzyme augmente donc la quantit\u00e9 de m\u00e9dicament qui circule dans l'organisme.<\/p>\n<p>Think of the liver as a waste treatment plant in the body and of CYP450 as one of the filters. Stopping CYP450 from working allows more waste to get through. Drugs you ingest are treated as &#8216;waste&#8217; by the body which is why you might need to take the same drug three or four times a day to keep it working.<\/p>\n<p>Not all drugs are removed by the liver and of those that are, not all rely on this enzyme. However, it is good advice to say that; IF the drug you are taking mentions grapefruit in the Patient Information Leaflet, or if you&#8217;ve been advised to avoid grapefruit by your doctor or pharmacist, you shouldn&#8217;t take CBD before asking their advice.<\/p>\n\t\t\t\t\t<a role=\"heading\" aria-level=\"2\" tabindex=\"-1\"  id=\"fl-accordion--label-3\">Vais-je \u00e9chouer \u00e0 un test de d\u00e9pistage de drogues si je prends du CBD ?<\/a>\n\t\t\t\t\t\t\t\t\t\t\t<button type=\"button\" id=\"fl-accordion--icon-3\" aria-expanded=\"false\" aria-controls=\"fl-accordion--panel-3\"><i>\u00c9largir<\/i><\/button>\n\t\t\t\t\t<p>Any legal CBD products sold in France must contain only trace amounts of THC (the element that a drug test focuses on). You would have to consume large volumes of product to fail a drugs test from CBD products alone. The entire range of Gorilla Organic&#8217;s products are fully compliant with French law.<\/p>\n\t\t\t\t\t<a role=\"heading\" aria-level=\"2\" tabindex=\"-1\"  id=\"fl-accordion--label-4\">Comment prendre du CBD ?<\/a>\n\t\t\t\t\t\t\t\t\t\t\t<button type=\"button\" id=\"fl-accordion--icon-4\" aria-expanded=\"false\" aria-controls=\"fl-accordion--panel-4\"><i>\u00c9largir<\/i><\/button>\n\t\t\t\t\t<p>Le CBD est mieux absorb\u00e9 par voie sublinguale (c'est-\u00e0-dire administr\u00e9 sous la langue), c'est pourquoi la majorit\u00e9 des produits sont disponibles sous forme d'huile. C'est de loin le format pr\u00e9f\u00e9r\u00e9 des consommateurs. Cependant, il existe une grande vari\u00e9t\u00e9 de fa\u00e7ons d'administrer le CBD, que ce soit en l'ajoutant \u00e0 votre th\u00e9 ou \u00e0 votre caf\u00e9, en l'avalant dans des g\u00e9lules ou en le frottant sur votre peau comme un baume. Gorilla Organic propose les meilleurs formats.<\/p>\n<h2>\n\t\t\tAide au choix\t<\/h2>\n\t\t\t\t\t<a role=\"heading\" aria-level=\"2\" tabindex=\"-1\"  id=\"fl-accordion--label-0\">Comment d\u00e9terminer la force d'un produit CBD ?<\/a>\n\t\t\t\t\t\t\t\t\t\t\t<button type=\"button\" id=\"fl-accordion--icon-0\" aria-expanded=\"false\" aria-controls=\"fl-accordion--panel-0\"><i>\u00c9largir<\/i><\/button>\n\t\t\t\t\t<p><strong>% CBD<\/strong>\u00a0is the strength or concentration of CBD in the product. It represents the amount of CBD in the amount of the entire volume (ml&#8217;s) of the liquid in the bottle (combination of CBD and carrier oil) that is in that product. So, a product showing 5% CBD has half the amount of CBD that&#8217;s in a product with the same volume containing 10% CBD. Also, a product that has 5% CBD in a 10ml bottle is the same as 10% CBD in a 5ml bottle.<\/p>\n<p><strong>mg (Milligramme)<\/strong>\u00a0is the weight of CBD that has been added to the product i.e. 250mg, 500mg or 1000mg and are all common weights. The more CBD that&#8217;s in the product (in the same volume &#8211; ml) the stronger the CBD content.<\/p>\n<p>To avoid confusion over what strength of product to select, and to make our consumers&#8217; lives easier we have classified our oils into various strength categories. These being Low (5%), Medium (10%), High (15%), Max Plus (20%).<\/p>\n\t\t\t\t\t<a role=\"heading\" aria-level=\"2\" tabindex=\"-1\"  id=\"fl-accordion--label-1\">Comment obtenir un bon rapport qualit\u00e9-prix tout en maintenant un niveau de qualit\u00e9 \u00e9lev\u00e9 ?<\/a>\n\t\t\t\t\t\t\t\t\t\t\t<button type=\"button\" id=\"fl-accordion--icon-1\" aria-expanded=\"false\" aria-controls=\"fl-accordion--panel-1\"><i>\u00c9largir<\/i><\/button>\n\t\t\t\t\t<p>Les consommateurs peuvent varier leur consommation de CBD soit en augmentant la concentration de CBD qu'ils prennent (par exemple, 10% est 4 fois plus fort que 2,5% pour la m\u00eame quantit\u00e9), soit en augmentant le volume qu'ils prennent (4 gouttes d'huile 5% d\u00e9livreront deux fois plus de CBD que 2 gouttes d'huile 5%).<\/p>\n<p>Il existe sur le march\u00e9 de nombreux produits concurrents contenant tr\u00e8s peu de % de CBD dans de grandes bouteilles, qui semblent offrir un tr\u00e8s bon rapport qualit\u00e9-prix. Il convient toutefois de se m\u00e9fier, car la faible teneur en CBD de ces produits les rend extr\u00eamement peu rentables par rapport aux produits contenant plus de % de CBD.<\/p>\n<p>Remember it&#8217;s the CBD that&#8217;s the expensive part of the product, and not the carrier oil. We at Gorilla Organic work hard to offer the highest quality of products, whilst ensuring our products offer good value for money.<\/p>\n\t\t\t\t\t<a role=\"heading\" aria-level=\"2\" tabindex=\"-1\"  id=\"fl-accordion--label-2\">De quoi dois-je me m\u00e9fier lorsque je choisis un produit \u00e0 base de CBD ?<\/a>\n\t\t\t\t\t\t\t\t\t\t\t<button type=\"button\" id=\"fl-accordion--icon-2\" aria-expanded=\"false\" aria-controls=\"fl-accordion--panel-2\"><i>\u00c9largir<\/i><\/button>\n\t\t\t\t\t<p>The most important factor is that it&#8217;s produced by a trusted source who demonstrate they have all the required procedures, tests and documents to prove not only safety, but quality.<\/p>\n<p>Pour d\u00e9montrer clairement la qualit\u00e9 et le contenu de nos produits, Gorilla Organic a ajout\u00e9 un code QR \u00e0 l'emballage de ses produits. Les consommateurs peuvent ainsi scanner ce code sur leur t\u00e9l\u00e9phone, ce qui leur permet d'acc\u00e9der directement \u00e0 notre s\u00e9rie de rapports de laboratoire sur les produits, et de voir exactement ce que contient le produit en question.<\/p>\n\t\t\t\t\t<a role=\"heading\" aria-level=\"2\" tabindex=\"-1\"  id=\"fl-accordion--label-3\">Pourquoi n'y a-t-il pas d'informations sur le dosage ?<\/a>\n\t\t\t\t\t\t\t\t\t\t\t<button type=\"button\" id=\"fl-accordion--icon-3\" aria-expanded=\"false\" aria-controls=\"fl-accordion--panel-3\"><i>\u00c9largir<\/i><\/button>\n\t\t\t\t\t<p>Any manufacturer making CBD products cannot make any medicinal claims, nor can they give guidance to consumers on what dosage they should take. Our experience shows that each person takes CBD for different reasons and each person&#8217;s requirements are unique to them. What works for one person using CBD will vary from another. So theoretically, two people in the same household could share the same bottle of CBD oil.<\/p>","protected":false},"excerpt":{"rendered":"<p>FREQUENTLY ASKED QUESTIONS General questions What is CBD? Expand CBD (Cannabidiol) is a powerful plant extract that has been used for thousands of years. It is a Cannabinoid (which means it&#8217;s a natural ingredient found in the hemp plant family) and there are over 100 different Cannabinoids present in this family. CBD is a naturally&hellip;<\/p>","protected":false},"author":1,"featured_media":0,"parent":0,"menu_order":0,"comment_status":"closed","ping_status":"closed","template":"","meta":{"_acf_changed":false,"_seopress_robots_primary_cat":"","_seopress_titles_title":"","_seopress_titles_desc":"","_seopress_robots_index":"","inline_featured_image":false,"footnotes":""},"class_list":["post-172","page","type-page","status-publish","hentry"],"acf":[],"_links":{"self":[{"href":"https:\/\/gorilla.organic\/fr\/wp-json\/wp\/v2\/pages\/172","targetHints":{"allow":["GET"]}}],"collection":[{"href":"https:\/\/gorilla.organic\/fr\/wp-json\/wp\/v2\/pages"}],"about":[{"href":"https:\/\/gorilla.organic\/fr\/wp-json\/wp\/v2\/types\/page"}],"author":[{"embeddable":true,"href":"https:\/\/gorilla.organic\/fr\/wp-json\/wp\/v2\/users\/1"}],"replies":[{"embeddable":true,"href":"https:\/\/gorilla.organic\/fr\/wp-json\/wp\/v2\/comments?post=172"}],"version-history":[{"count":9,"href":"https:\/\/gorilla.organic\/fr\/wp-json\/wp\/v2\/pages\/172\/revisions"}],"predecessor-version":[{"id":1191,"href":"https:\/\/gorilla.organic\/fr\/wp-json\/wp\/v2\/pages\/172\/revisions\/1191"}],"wp:attachment":[{"href":"https:\/\/gorilla.organic\/fr\/wp-json\/wp\/v2\/media?parent=172"}],"curies":[{"name":"wp","href":"https:\/\/api.w.org\/{rel}","templated":true}]}}