{"id":271,"date":"2024-10-24T15:11:48","date_gmt":"2024-10-24T15:11:48","guid":{"rendered":"https:\/\/clients.panaco.ltd\/gorillaorganics\/?page_id=271"},"modified":"2025-01-20T17:15:57","modified_gmt":"2025-01-20T17:15:57","slug":"cookie-policy","status":"publish","type":"page","link":"https:\/\/gorilla.organic\/fr\/cookie-policy\/","title":{"rendered":"Cookie Policy"},"content":{"rendered":"<p>En visitant notre site Web et en utilisant nos services, vous comprenez et acceptez la mani\u00e8re dont nous traitons les donn\u00e9es personnelles conform\u00e9ment \u00e0 notre politique de confidentialit\u00e9. Nous respectons votre vie priv\u00e9e et votre droit de contr\u00f4ler vos donn\u00e9es personnelles.<\/p>\n\n\n\n<h3 class=\"wp-block-heading\"><strong>Politique de confidentialit\u00e9 et cookies<\/strong><\/h3>\n\n\n\n<p>GORILLA.ORGANIC respecte votre vie priv\u00e9e et votre droit de contr\u00f4ler vos donn\u00e9es personnelles. Nos principes directeurs sont simples : nous faisons preuve de transparence quant aux donn\u00e9es que nous collectons et aux raisons de cette collecte. Nous prot\u00e9geons vos donn\u00e9es comme s\u2019il s\u2019agissait de notre secret commercial le plus pr\u00e9cieux.<\/p>\n\n\n\n<p>La politique de confidentialit\u00e9 de GORILLA.ORGANIC (\u00ab l\u2019Entreprise \u00bb) d\u00e9crit quelles donn\u00e9es nous collectons, la finalit\u00e9 du traitement, comment vous pouvez contr\u00f4ler vos propres donn\u00e9es et comment nous contacter. Cette politique de confidentialit\u00e9 s\u2019applique lorsque vous visitez notre site et passez une commande. GORILLA.ORGANIC est responsable du traitement de vos donn\u00e9es conform\u00e9ment \u00e0 la l\u00e9gislation en vigueur.<\/p>\n\n\n\n<p>Voici un r\u00e9sum\u00e9 de ce \u00e0 quoi vous pouvez vous attendre lors de la visite de notre site web :<\/p>\n\n\n\n<ul class=\"wp-block-list\">\n<li>\u2022 Nous collectons les informations personnelles que vous nous fournissez en utilisant le formulaire de contact et en passant commande.<\/li>\n\n\n\n<li>\u2022 Nous enregistrons les informations personnelles dans nos bases de donn\u00e9es afin de traiter vos demandes et vos commandes.<\/li>\n<\/ul>\n\n\n\n<h3 class=\"wp-block-heading\">Quelles donn\u00e9es personnelles collectons-nous ?<\/h3>\n\n\n\n<p>GORILLA.ORGANIC collecte principalement les informations que vous, en tant que client, nous fournissez. Exemples de donn\u00e9es personnelles susceptibles d\u2019\u00eatre collect\u00e9es : le nom de votre soci\u00e9t\u00e9, votre nom, ainsi que d\u2019autres coordonn\u00e9es telles que num\u00e9ro de t\u00e9l\u00e9phone, adresse e-mail ou adresse postale. GORILLA.ORGANIC peut mettre \u00e0 jour vos informations provenant d\u2019autres registres publics si n\u00e9cessaire afin de maintenir une base de donn\u00e9es correcte.<\/p>\n\n\n\n<p>GORILLA.ORGANIC enregistre des donn\u00e9es personnelles dans les cas suivants :<\/p>\n\n\n\n<ol class=\"wp-block-list\">\n<li>Lorsque vous saisissez votre adresse e-mail ou votre num\u00e9ro de t\u00e9l\u00e9phone mobile sur le site.<\/li>\n\n\n\n<li>Si vous nous contactez par e-mail, t\u00e9l\u00e9phone, via notre site web ou nos r\u00e9seaux sociaux.<\/li>\n\n\n\n<li>Si vous vous inscrivez \u00e0 une liste de diffusion.<\/li>\n<\/ol>\n\n\n\n<h3 class=\"wp-block-heading\">Collecte avec consentement<\/h3>\n\n\n\n<p>En cliquant sur le bouton \u00ab Accepter \u00bb, vous consentez \u00e0 ce que les donn\u00e9es personnelles (entreprise, nom, num\u00e9ro de t\u00e9l\u00e9phone et adresse e-mail) que vous saisissez dans les formulaires de ce site soient utilis\u00e9es pour vous fournir les services auxquels vous acc\u00e9dez lorsque vous renseignez vos informations personnelles.<\/p>\n\n\n\n<p>En cliquant sur le bouton \u00ab Fermer \u00bb, vous acceptez \u00e9galement qu\u2019un cookie tiers puisse \u00eatre ajout\u00e9 \u00e0 votre ordinateur par l\u2019Entreprise. Ce cookie vous suivra afin d\u2019am\u00e9liorer votre exp\u00e9rience sur notre site (par exemple, votre panier sera conserv\u00e9 jusqu\u2019\u00e0 votre d\u00e9connexion).<\/p>\n\n\n\n<h3 class=\"wp-block-heading\">Comment nous utilisons les informations collect\u00e9es<\/h3>\n\n\n\n<p>L\u2019Entreprise traite les donn\u00e9es personnelles principalement pour les finalit\u00e9s indiqu\u00e9es ci-dessous et pour toute autre finalit\u00e9 mentionn\u00e9e lors de la collecte :<\/p>\n\n\n\n<ul class=\"wp-block-list\">\n<li>\u2022 Assurer un bon service client, notamment pour r\u00e9pondre \u00e0 vos demandes, corriger des informations incorrectes ou envoyer les informations demand\u00e9es, par exemple newsletters, documents, etc.<\/li>\n\n\n\n<li>\u2022 Livrer nos produits.<\/li>\n\n\n\n<li>\u2022 Vous envoyer des informations et promotions par e-mail ou autres canaux digitaux (tels que les r\u00e9seaux sociaux), lorsque vous entretenez une relation commerciale active avec nous.<\/li>\n\n\n\n<li>\u2022 Vous envoyer des messages importants tels que des communications concernant des modifications de nos mentions l\u00e9gales.<\/li>\n<\/ul>\n\n\n\n<p>Nous pouvons partager certaines informations avec d\u2019autres entreprises qui traitent des donn\u00e9es pour notre compte afin d\u2019ex\u00e9cuter certains services, par exemple la soci\u00e9t\u00e9 de livraison charg\u00e9e d\u2019exp\u00e9dier vos commandes. Cependant, le traitement des donn\u00e9es personnelles garantit toujours un niveau \u00e9lev\u00e9 de s\u00e9curit\u00e9 et de confidentialit\u00e9.<\/p>\n\n\n\n<p>L\u2019entreprise ne collabore qu\u2019avec des partenaires traitant les donn\u00e9es personnelles au sein de l\u2019UE\/EEE.<\/p>\n\n\n\n<h3 class=\"wp-block-heading\">\u00c0 propos des cookies<\/h3>\n\n\n\n<p>Lorsque vous utilisez notre site, des donn\u00e9es personnelles peuvent \u00eatre collect\u00e9es via des cookies, uniquement avec votre consentement pr\u00e9alable. Ces cookies stockent des informations sur votre utilisation et les pages visit\u00e9es. Cela peut inclure des informations techniques concernant votre appareil et votre connexion internet, telles que le syst\u00e8me d\u2019exploitation, la version du navigateur, l\u2019adresse IP, les cookies et identifiants uniques. Lors de vos visites, diverses techniques peuvent \u00eatre utilis\u00e9es pour vous reconna\u00eetre afin d\u2019en apprendre davantage sur nos utilisateurs, directement ou via des technologies tierces.<\/p>\n\n\n\n<h3 class=\"wp-block-heading\">Droit \u00e0 l\u2019oubli, conservation et divulgation des donn\u00e9es personnelles<\/h3>\n\n\n\n<p>Vous pouvez retirer votre consentement \u00e0 tout moment en nous adressant une demande via notre page \u00ab contact \u00bb.<\/p>\n\n\n\n<p>Le traitement est conforme \u00e0 la l\u00e9gislation en vigueur et implique que les donn\u00e9es personnelles ne sont pas conserv\u00e9es plus longtemps que n\u00e9cessaire aux finalit\u00e9s du traitement. L\u2019Entreprise conserve vos donn\u00e9es personnelles tant que vous entretenez une relation commerciale avec nous. Pour des raisons de marketing, les informations de plus de 4 ans ne sont pas utilis\u00e9es. Les donn\u00e9es sont supprim\u00e9es lorsqu\u2019elles ne sont plus pertinentes ou n\u00e9cessaires pour des analyses ou du marketing direct. Certaines informations peuvent \u00eatre conserv\u00e9es plus longtemps en raison d\u2019exigences l\u00e9gales. La s\u00e9curit\u00e9 et la confidentialit\u00e9 sont toujours garanties.<\/p>\n\n\n\n<h3 class=\"wp-block-heading\">Vos droits et vos choix<\/h3>\n\n\n\n<p>Vous disposez de droits relatifs \u00e0 vos donn\u00e9es personnelles et pouvez demander la modification ou la suppression des donn\u00e9es enregistr\u00e9es. L\u2019Entreprise rectifiera toute donn\u00e9e incorrecte de sa propre initiative ou \u00e0 votre demande. Vous pouvez \u00e9galement demander \u00e0 tout moment la suppression ou la limitation du traitement de vos donn\u00e9es en nous contactant (voir la section \u00ab Comment nous contacter \u00bb). Si vous estimez que vos droits ne sont pas respect\u00e9s, vous pouvez contacter l\u2019Entreprise ou l\u2019autorit\u00e9 de protection des donn\u00e9es de votre pays :\nhttp:\/\/ec.europa.eu\/justice\/data-protection\/article-29\/structure\/data-protection-authorities\/index_en.htm<\/p>\n\n\n\n<p>Vous pouvez vous d\u00e9sabonner de nos communications marketing \u00e0 tout moment en modifiant vos param\u00e8tres, en cliquant sur \u00ab Se d\u00e9sabonner \u00bb dans nos e-mails ou SMS, ou en contactant notre service client.<\/p>\n\n\n\n<h3 class=\"wp-block-heading\">Liens vers d\u2019autres sites<\/h3>\n\n\n\n<p>Si notre site contient des liens vers des sites tiers, ceux-ci sont fournis \u00e0 titre informatif uniquement. L\u2019Entreprise n\u2019exerce aucun contr\u00f4le sur ces sites ou leur contenu et ne peut en \u00eatre tenue responsable. L\u2019Entreprise d\u00e9cline \u00e9galement toute responsabilit\u00e9 concernant d\u2019\u00e9ventuels dommages ou pertes li\u00e9s \u00e0 l\u2019utilisation de ces liens.<\/p>\n\n\n\n<h3 class=\"wp-block-heading\">Comment nous contacter<\/h3>\n\n\n\n<p class=\"translation-block\">Pour toute information concernant la gestion des donn\u00e9es personnelles ou pour toute question, n\u2019h\u00e9sitez pas \u00e0 nous contacter via notre page \u00ab contact \u00bb, par e-mail \u00e0 : <em>contact@gorilla.organic, ou par courrier \u00e0 :\nGorilla Organic \u2013 222 avenue du Stade \u2013 73700 Bourg-St-Maurice<\/em><\/p>\n\n\n\n<p>Cette politique de confidentialit\u00e9 s\u2019applique \u00e0 partir du 07\/05\/2020.<\/p>\n\n\n\n<p><\/p>","protected":false},"excerpt":{"rendered":"<p>By visiting our website and using our services, you understand and agree to the way we handle personal data in accordance with our privacy policy. We respect your privacy and the right to control your personal data. Privacy and cookies policy GORILLA.ORGANIC respects your privacy and the right to control your personal data. Our guiding&hellip;<\/p>","protected":false},"author":1,"featured_media":0,"parent":0,"menu_order":0,"comment_status":"closed","ping_status":"closed","template":"","meta":{"_acf_changed":false,"_seopress_robots_primary_cat":"","_seopress_titles_title":"","_seopress_titles_desc":"","_seopress_robots_index":"","inline_featured_image":false,"footnotes":""},"class_list":["post-271","page","type-page","status-publish","hentry"],"acf":[],"_links":{"self":[{"href":"https:\/\/gorilla.organic\/fr\/wp-json\/wp\/v2\/pages\/271","targetHints":{"allow":["GET"]}}],"collection":[{"href":"https:\/\/gorilla.organic\/fr\/wp-json\/wp\/v2\/pages"}],"about":[{"href":"https:\/\/gorilla.organic\/fr\/wp-json\/wp\/v2\/types\/page"}],"author":[{"embeddable":true,"href":"https:\/\/gorilla.organic\/fr\/wp-json\/wp\/v2\/users\/1"}],"replies":[{"embeddable":true,"href":"https:\/\/gorilla.organic\/fr\/wp-json\/wp\/v2\/comments?post=271"}],"version-history":[{"count":3,"href":"https:\/\/gorilla.organic\/fr\/wp-json\/wp\/v2\/pages\/271\/revisions"}],"predecessor-version":[{"id":496,"href":"https:\/\/gorilla.organic\/fr\/wp-json\/wp\/v2\/pages\/271\/revisions\/496"}],"wp:attachment":[{"href":"https:\/\/gorilla.organic\/fr\/wp-json\/wp\/v2\/media?parent=271"}],"curies":[{"name":"wp","href":"https:\/\/api.w.org\/{rel}","templated":true}]}}