{"id":274,"date":"2024-10-24T15:14:47","date_gmt":"2024-10-24T15:14:47","guid":{"rendered":"https:\/\/clients.panaco.ltd\/gorillaorganics\/?page_id=274"},"modified":"2024-10-24T15:14:47","modified_gmt":"2024-10-24T15:14:47","slug":"legal-notice","status":"publish","type":"page","link":"https:\/\/gorilla.organic\/fr\/legal-notice\/","title":{"rendered":"Avis juridique"},"content":{"rendered":"<p><em>En vigueur au 07\/05\/2020\u00a0<\/em>Conform\u00e9ment aux dispositions des articles 6-III et 19 de la Loi n\u00b0 2004-575 du 21 juin 2004 pour la Confiance dans l\u2019\u00c9conomie Num\u00e9rique (LCEN), les pr\u00e9sentes mentions l\u00e9gales sont port\u00e9es \u00e0 la connaissance des utilisateurs du site\u00a0<em>https:\/\/gorilla.organic\u00a0<\/em>Conform\u00e9ment aux dispositions des articles 6-III et 19 de la Loi n\u00b0 2004-575 du 21 juin 2004 pour la Confiance dans l\u2019\u00c9conomie Num\u00e9rique (LCEN), les pr\u00e9sentes mentions l\u00e9gales sont port\u00e9es \u00e0 la connaissance des utilisateurs du site<\/p>\n\n\n\n<h3 class=\"wp-block-heading\">ARTICLE 1 : L\u2019\u00e9diteur<\/h3>\n\n\n\n<p>L\u2019\u00e9dition et la direction de la publication du site https:\/\/gorilla.organic\/ sont assur\u00e9es par Philippe Bunce, domicili\u00e9 au 222 avenue du Stade \u2013 73700 Bourg-St-Maurice, joignable au 06 33 48 23 90, et \u00e0 l\u2019adresse e-mail contact@gorilla.organic.<\/p>\n\n\n\n<h3 class=\"wp-block-heading\">ARTICLE 2 : L\u2019h\u00e9bergeur<\/h3>\n\n\n\n<p>L\u2019h\u00e9bergeur du site https:\/\/gorilla.organic\/ est la soci\u00e9t\u00e9 Gandi, dont le si\u00e8ge social est situ\u00e9 63-65 Boulevard Mass\u00e9na, 75013 Paris, joignable au 01 70 37 76 61<\/p>\n\n\n\n<h3 class=\"wp-block-heading\">ARTICLE 3 : Acc\u00e8s au site<\/h3>\n\n\n\n<p>Le site est accessible depuis tout endroit, 7 jours sur 7, 24 heures sur 24, sauf en cas de force majeure, d\u2019interruption programm\u00e9e ou non, ou encore de suspension due \u00e0 une n\u00e9cessit\u00e9 de maintenance.\nEn cas de modification, interruption ou suspension des services, le site&nbsp;<em>https:\/\/gorilla.organic\/\/&nbsp;<\/em>ne saurait \u00eatre tenu responsable.<\/p>\n\n\n\n<h3 class=\"wp-block-heading\">ARTICLE 4 : Collecte des donn\u00e9es<\/h3>\n\n\n\n<p>Le site assure \u00e0 l\u2019Utilisateur une collecte et un traitement des informations personnelles dans le respect de la vie priv\u00e9e conform\u00e9ment \u00e0 la Loi n\u00b0 78-17 du 6 janvier 1978 relative \u00e0 l\u2019informatique, aux fichiers et aux libert\u00e9s.\nEn vertu de cette loi, l\u2019Utilisateur dispose d\u2019un droit d\u2019acc\u00e8s, de rectification, de suppression et d\u2019opposition concernant ses donn\u00e9es personnelles.\nL\u2019Utilisateur exerce ce droit :<\/p>\n\n\n\n<ul class=\"wp-block-list\">\n<li>par email \u00e0\u00a0<em>contact @ gorilla.organic;<\/em><\/li>\n\n\n\n<li>by post to\u00a0<em>par email \u00e0 contact@gorilla.organic ;\u00a0<\/em>;<\/li>\n\n\n\n<li>via un formulaire de contact.<\/li>\n<\/ul>\n\n\n\n<h3 class=\"wp-block-heading\">ARTICLE 5 : Cookies<\/h3>\n\n\n\n<p>L\u2019Utilisateur est inform\u00e9 que lors de ses visites sur le site, un cookie peut \u00eatre install\u00e9 automatiquement sur son logiciel de navigation.\nEn naviguant sur le site, il les accepte.\nLe cookie ne permet pas d\u2019identifier l\u2019Utilisateur, mais enregistre des informations relatives \u00e0 sa navigation.\nL\u2019Utilisateur peut d\u00e9sactiver les cookies dans les param\u00e8tres de son navigateur.<\/p>\n\n\n\n<h3 class=\"wp-block-heading\">ARTICLE 6 : Propri\u00e9t\u00e9 intellectuelle<\/h3>\n\n\n\n<p class=\"translation-block\">Toute utilisation, reproduction, distribution, commercialisation ou modification de tout ou partie du site https:\/\/gorilla.organic, sans l\u2019autorisation du r\u00e9dacteur, est strictement interdite et peut entra\u00eener des poursuites judiciaires conform\u00e9ment au Code de la propri\u00e9t\u00e9 intellectuelle et au Code civil.\nPour plus d\u2019informations, veuillez consulter les Conditions G\u00e9n\u00e9rales de Vente du site https:\/\/gorilla.organic, accessibles dans la rubrique correspondante.<\/p>\n\n\n\n<p><\/p>","protected":false},"excerpt":{"rendered":"<p>In force on 07\/05\/2020\u00a0In accordance with the provisions of Articles 6-III and 19 of Law n \u00b0 2004-575 of June 21, 2004 for Confidence in the digital economy, known as LCEN, these legal notices are brought to the attention of Users of the\u00a0https:\/\/gorilla.organic\u00a0site. Connection and navigation on the\u00a0https:\/\/gorilla.organic\u00a0site by the User implies full and unreserved&hellip;<\/p>","protected":false},"author":1,"featured_media":0,"parent":0,"menu_order":0,"comment_status":"closed","ping_status":"closed","template":"","meta":{"_acf_changed":false,"_seopress_robots_primary_cat":"","_seopress_titles_title":"","_seopress_titles_desc":"","_seopress_robots_index":"","inline_featured_image":false,"footnotes":""},"class_list":["post-274","page","type-page","status-publish","hentry"],"acf":[],"_links":{"self":[{"href":"https:\/\/gorilla.organic\/fr\/wp-json\/wp\/v2\/pages\/274","targetHints":{"allow":["GET"]}}],"collection":[{"href":"https:\/\/gorilla.organic\/fr\/wp-json\/wp\/v2\/pages"}],"about":[{"href":"https:\/\/gorilla.organic\/fr\/wp-json\/wp\/v2\/types\/page"}],"author":[{"embeddable":true,"href":"https:\/\/gorilla.organic\/fr\/wp-json\/wp\/v2\/users\/1"}],"replies":[{"embeddable":true,"href":"https:\/\/gorilla.organic\/fr\/wp-json\/wp\/v2\/comments?post=274"}],"version-history":[{"count":2,"href":"https:\/\/gorilla.organic\/fr\/wp-json\/wp\/v2\/pages\/274\/revisions"}],"predecessor-version":[{"id":276,"href":"https:\/\/gorilla.organic\/fr\/wp-json\/wp\/v2\/pages\/274\/revisions\/276"}],"wp:attachment":[{"href":"https:\/\/gorilla.organic\/fr\/wp-json\/wp\/v2\/media?parent=274"}],"curies":[{"name":"wp","href":"https:\/\/api.w.org\/{rel}","templated":true}]}}