{"id":287,"date":"2024-10-25T09:06:48","date_gmt":"2024-10-25T09:06:48","guid":{"rendered":"https:\/\/clients.panaco.ltd\/gorillaorganics\/?page_id=287"},"modified":"2024-10-26T17:24:38","modified_gmt":"2024-10-26T17:24:38","slug":"about-us","status":"publish","type":"page","link":"https:\/\/gorilla.organic\/fr\/about-us\/","title":{"rendered":"\u00c0 propos de nous"},"content":{"rendered":"<h2>\n\t\tQui sommes-nous ?\n\t<\/h2>\n\t<h1>QUALIT\u00c9<\/h1>\n<p>Tous nos produits sont <strong>sans gluten<\/strong> , <strong>respectueux de l'environnement<\/strong> and are ALL fully certified. Each product is tracked from seed to end product, and ALL laboratory results can be provided on request. <\/p>\n<strong>TOUS les produits GORILLA ORGANIC contiennent 0% THC.<\/strong><br \/>\n\n\t<h1>\u00c0 QUI CELA S'ADRESSE-T-IL ?<\/h1>\nNos produits peuvent \u00eatre utilis\u00e9s par des personnes de tous \u00e2ges (18-80 ans) pour l'anxi\u00e9t\u00e9, le stress, la concentration, les douleurs profondes, ainsi que pour la r\u00e9cup\u00e9ration sportive, avant et apr\u00e8s l'effort.<br \/>\nNos produits peuvent \u00eatre la r\u00e9ponse \u00e0 vos besoins.\n\t<h1>CE QUE NOUS OFFRONS<\/h1>\n<p>Gorilla a cr\u00e9\u00e9 une gamme de produits en collaboration avec deux laboratoires bien \u00e9tablis, au Royaume-Uni et aux Pays-Bas. Nous travaillons dans le cadre de la <strong>l\u00e9gislation europ\u00e9enne<\/strong>.  Nos produits sont de la plus haute qualit\u00e9 et sont tous des extraits d'huile \u00e0 spectre complet (FULL SPECTRUM). <\/p>\n<p>Tous nos produits sont enti\u00e8rement test\u00e9s et peuvent \u00eatre suivis de la graine au produit final.<\/p>\n\t<h1>INNOVATION<\/h1>\nOur 2 laboratories are pioneers in CBD industry. Our UK laboratory works closely with Kings College in London, finding cures for respiratory and pulmonary diseases, and our Dutch laboratory develops incredible formulas for cosmetics.<br \/>\n\n\t<h1>QUI SOMMES NOUS ?<\/h1>\n<p>Gorilla a \u00e9t\u00e9 cr\u00e9\u00e9 par un sportif passionn\u00e9 qui souhaitait pratiquer son sport le plus longtemps possible. Dans son cas, il s'agissait de VTT, de squash, de tennis et de snowboard. Pour d'autres, cela peut \u00eatre le rugby, la boxe, le MMA, le kayak, le trail, etc.<\/p>\n\t<h1>ATTENTION<\/h1>\nLa quasi-totalit\u00e9 du CBD produit en France est constitu\u00e9e d'extraits BROAD-SPECTRUM ou de CBD ISOLATE. Il s'agit d'une m\u00e9thode plus rapide et moins co\u00fbteuse d'extraction des huiles. Ces produits sont donc beaucoup moins efficaces et peuvent contenir jusqu'\u00e0 0,3 % de THC.<br \/>\n\n<h1>\u00c9VITER<\/h1>\n<p>If you wish to have a product that works fully, without THC in it then AVOID&#8230; <strong>les ISOLAT DE CBD ET LES EXTRAITS D'HUILE \u00c0 LARGE SPECTRE<\/strong> vous payez pour ce que vous obtenez !<\/p>\n<h1>COMP\u00c9TITIONS SPORTIVES<\/h1>\n<p>Ces produits doivent \u00eatre exempts de THC (THC FREE\/0% THC).<\/p>\n<p><strong>GORILLA ORGANIC LE GARANTIT ! <\/strong><\/p>\nDON&#8217;T TAKE THE RISK, ONLY USE&#8230;<br \/>\n\n\t\t\t\t<img loading=\"lazy\" decoding=\"async\" src=\"https:\/\/gorilla.organic\/wp-content\/uploads\/2024\/10\/gorilla-organics-logo_orange.svg\" alt=\"gorilla-organics-logo_orange\" itemprop=\"image\" height=\"0\" width=\"0\" title=\"gorilla-organics-logo_orange\" onerror=\"this.style.display='none'\"  \/>","protected":false},"excerpt":{"rendered":"<p>Who are we? QUALITY All our products are gluten-free and vegan-friendly and are ALL fully certified. Each product is tracked from seed to end product, and ALL laboratory results can be provided on request. ALL GORILLA ORGANIC products are 0% THC WHO IS THIS FOR? Our products can be used by people of all ages&hellip;<\/p>","protected":false},"author":1,"featured_media":0,"parent":0,"menu_order":0,"comment_status":"closed","ping_status":"closed","template":"","meta":{"_acf_changed":false,"_seopress_robots_primary_cat":"","_seopress_titles_title":"","_seopress_titles_desc":"","_seopress_robots_index":"","inline_featured_image":false,"footnotes":""},"class_list":["post-287","page","type-page","status-publish","hentry"],"acf":[],"_links":{"self":[{"href":"https:\/\/gorilla.organic\/fr\/wp-json\/wp\/v2\/pages\/287","targetHints":{"allow":["GET"]}}],"collection":[{"href":"https:\/\/gorilla.organic\/fr\/wp-json\/wp\/v2\/pages"}],"about":[{"href":"https:\/\/gorilla.organic\/fr\/wp-json\/wp\/v2\/types\/page"}],"author":[{"embeddable":true,"href":"https:\/\/gorilla.organic\/fr\/wp-json\/wp\/v2\/users\/1"}],"replies":[{"embeddable":true,"href":"https:\/\/gorilla.organic\/fr\/wp-json\/wp\/v2\/comments?post=287"}],"version-history":[{"count":6,"href":"https:\/\/gorilla.organic\/fr\/wp-json\/wp\/v2\/pages\/287\/revisions"}],"predecessor-version":[{"id":316,"href":"https:\/\/gorilla.organic\/fr\/wp-json\/wp\/v2\/pages\/287\/revisions\/316"}],"wp:attachment":[{"href":"https:\/\/gorilla.organic\/fr\/wp-json\/wp\/v2\/media?parent=287"}],"curies":[{"name":"wp","href":"https:\/\/api.w.org\/{rel}","templated":true}]}}