{"id":675,"date":"2025-10-10T14:43:00","date_gmt":"2025-10-10T14:43:00","guid":{"rendered":"https:\/\/gorilla.organic\/?page_id=675"},"modified":"2026-02-11T13:47:31","modified_gmt":"2026-02-11T13:47:31","slug":"gorilla-high-strength-balm","status":"publish","type":"page","link":"https:\/\/gorilla.organic\/fr\/shop\/gorilla-high-strength-balm\/","title":{"rendered":"GORILLA HIGH STRENGTH BALM"},"content":{"rendered":"<figure itemscope itemtype=\"https:\/\/schema.org\/ImageObject\">\n\t\t\t\t<img decoding=\"async\" src=\"https:\/\/gorilla.organic\/wp-content\/uploads\/2024\/11\/Balm.png\" alt=\"Baume\" height=\"814\" width=\"500\" title=\"Baume\" onerror=\"this.style.display='none'\" loading=\"lazy\" \/>\n\t<\/figure>\n\t\t\t<p>This is a powerful muscle rub with concentrated CBD and other important ingredients making it incredibly effective on bruised and painful areas. Noticeably calms down pain!<\/p>\n<p>UTILISATION: Apply cream liberally to the body or targeted areas. Rub until fully absorbed. Use as required.<\/p>\n<p>PRECAUTIONS: Rinse if in contact with the eye or if irritation occurs. Not recommended for pregnant or nursing women.<\/p>\n<p>INGREDIENTS: Shea Butter, Sweet Almond Oil, Hemp Sativa Seed Oil, Arnica, Candelilla Cera (wax), Coconut Oil, Jojoba seed Oil, Olea Europaea (Olive) Fruit Oil, Cannabidiol Broad Terpene Free, Tocopherol, Menthol and White Camphor oil<\/p>\n<p>Poids : 50g<br \/>\nDimensions : 4 x 4 x 5 cm<\/p>\n\n<p><img decoding=\"async\" src=\"https:\/\/gorilla.organic\/wp-content\/uploads\/2024\/11\/gorilla_footer_logos-WHITE.svg\" alt=\"\" width=\"100%\" \/><\/p>\n\t\t<h5>Modal Popup &#8211; ID <\/h5>\n\t\tClick here to edit the &quot;Modal Popup&quot; settings. This text will not be visible on frontend.\t\n\t\t<h2>\n\t\t\tGORILLA\n\t\t\t\t\t\t\t\t\t\t\tHIGH STRENGTH CBD BALM\n\t\t<\/h2>\n<h2>\n\t\t\t<span class=\"woocommerce-Price-amount amount\"><bdi>34.00<span class=\"woocommerce-Price-currencySymbol\">\u20ac<\/span><\/bdi><\/span>\t<\/h2>\n\t<p><div class=\"review_star_rating\"><i class=\"fa-sharp fa-solid fa-star\"><\/i> <i class=\"fa-sharp fa-solid fa-star\"><\/i> <i class=\"fa-sharp fa-solid fa-star\"><\/i> <i class=\"fa-sharp fa-solid fa-star\"><\/i> <i class=\"fa-sharp fa-solid fa-star\"><\/i> <\/div><div class=\"rating_adverage\">Rated 5 \/ 5 based on 4 reviews<\/div><\/p>\n\t<p>D\u00e9couvrez un soulagement cibl\u00e9 avec notre Baume CBD Super Strength GORILLA, con\u00e7u pour r\u00e9chauffer les muscles avant l\u2019effort et apaiser les tensions apr\u00e8s l\u2019exercice.<\/p>\n<p>Formul\u00e9 avec 1000 mg de CBD (20 %), du camphre blanc, arnica, eucalyptus\u00a0et du menthol, ce baume offre un effet chauffant profond qui peut aider \u00e0 stimuler la circulation, d\u00e9tendre les zones sensibles et favoriser la r\u00e9cup\u00e9ration musculaire.<\/p>\n<p>Simply massage into the targeted area to enhance performance and maintain muscle comfort-perfect for athletes, mountain adventurers, and anyone with an active lifestyle.<\/p>\n<ul>\n<li>Soulager les douleurs ligamentaires et tendineuses<\/li>\n<li>Arthrite et douleurs articulaires<\/li>\n<li>R\u00e9duit les ecchymoses<\/li>\n<\/ul>\n\t\t\t\t\t\t\t\t\t\t\t\t\t\t\t\t\t\t<a href=\"\/fr\/?page_id=675&#038;fl_builder&#038;add-to-cart=35\" aria-describedby=\"woocommerce_loop_add_to_cart_link_describedby_35\" data-quantity=\"1\" data-product_id=\"35\" data-product_sku=\"\" aria-label=\"Add to basket: &ldquo;GORILLA HIGH STRENGTH CBD BALM&rdquo;\" rel=\"nofollow\" data-success_message=\"&ldquo;GORILLA HIGH STRENGTH CBD BALM&rdquo; has been added to your cart\" role=\"button\">Add to basket<\/a>\t\n\t\t\t\n        <div class=\"product_review\">\n            <h3>Seb (Snowboarder)<\/h3>\n            <div class=\"product_review_rating\"><i class=\"fa-sharp fa-solid fa-star\"><\/i> <i class=\"fa-sharp fa-solid fa-star\"><\/i> <i class=\"fa-sharp fa-solid fa-star\"><\/i> <i class=\"fa-sharp fa-solid fa-star\"><\/i> <i class=\"fa-sharp fa-solid fa-star\"><\/i> <\/div>\n            <div class=\"product_review_content\">Since using Gorilla CBD Balm, my recovery has completely changed! After my physical training or skate and snowboard sessions and more particularly in the evening before going to bed, I apply it to my tendons and joints and the places that need it and the difference is felt: the next morning the pain has clearly disappeared, the muscles have relaxed, and I recover much more quickly. In addition, the texture and smell are pleasant. Frankly, it has become essential<\/div>\n        <\/div>\n        <div class=\"product_review\">\n            <h3>Kiz<\/h3>\n            <div class=\"product_review_rating\"><i class=\"fa-sharp fa-solid fa-star\"><\/i> <i class=\"fa-sharp fa-solid fa-star\"><\/i> <i class=\"fa-sharp fa-solid fa-star\"><\/i> <i class=\"fa-sharp fa-solid fa-star\"><\/i> <i class=\"fa-sharp fa-solid fa-star\"><\/i> <\/div>\n            <div class=\"product_review_content\">My middle finger is fractured. It got trapped in a car door almost 20 years ago. I have been putting Gorilla Organic CBD balm on it three times a day, for a week and the swelling has reduced significantly. I can bend it now without resistance and it is much less painful, so it is easier to work.<\/div>\n        <\/div>\n        <div class=\"product_review\">\n            <h3>Will (Skier)<\/h3>\n            <div class=\"product_review_rating\"><i class=\"fa-sharp fa-solid fa-star\"><\/i> <i class=\"fa-sharp fa-solid fa-star\"><\/i> <i class=\"fa-sharp fa-solid fa-star\"><\/i> <i class=\"fa-sharp fa-solid fa-star\"><\/i> <i class=\"fa-sharp fa-solid fa-star-half-stroke\"><\/i> <\/div>\n            <div class=\"product_review_content\">Following a skiing accident several years ago and advancing age I suffer from a swollen and painful knee at the start of my annual ski trip which often caused me to have to miss a day of my precious time on the slopes. Taking up a recommendation from a friend I tried Gorilla CBD Balm and am hugely impressed with its effectiveness. Thoroughly recommend, the balm is now as essential to my trip as is a lift pass.<\/div>\n        <\/div>\n        <div class=\"product_review\">\n            <h3>Nicholas (Snowboarder)<\/h3>\n            <div class=\"product_review_rating\"><i class=\"fa-sharp fa-solid fa-star\"><\/i> <i class=\"fa-sharp fa-solid fa-star\"><\/i> <i class=\"fa-sharp fa-solid fa-star\"><\/i> <i class=\"fa-sharp fa-solid fa-star\"><\/i> <i class=\"fa-sharp fa-solid fa-star\"><\/i> <\/div>\n            <div class=\"product_review_content\">I am a sponsored snowboarder and have been using Gorilla since December 2024. I broke my collarbone in season. I used gorilla balm 4-5 tilmes a day, and the full spectrum dropper oils 3 times a day, and NO JOKE, after 3 weeks after my operation, I waw doing pull ups and muscle building exercises! Insane these products!! Grace Mile!!<\/div>\n        <\/div>\n\t\t<h5>Modal Popup &#8211; ID <\/h5>\n\t\tClick here to edit the &quot;Modal Popup&quot; settings. This text will not be visible on frontend.\t\n\t\t\t\t\t\t\t\t\t\t\n\t\t\t\t\t\t<p>I am a sponsored snowboarder and have been using Gorilla since December. I broke my collarbone in season. I used Gorilla Balm 4-5 times a day, and the full-spectrum dropper oils 3 times a day. And no joke, after 3 weeks following my operation, I was doing pull-ups and muscle-building exercises! Insane these products!! Grace Mile!! <\/p>\n\t\t\t\t\t\t\t\t\tNicholas \n\t\t\t\t\t\t\t\t\t\t\t\t\tSnowboarder\n\t\t\t\t\t\t\t\t\t\t\n\t\t\t\t\t\t<p>Following a skiing accident several years ago and advancing age, I suffer from a swollen and painful knee at the start of my annual ski trip which often caused me to miss a day of my precious time on the slopes. Taking up a recommendation from a friend I tried Gorilla CBD Balm and am hugely impressed with its effectiveness. Thoroughly recommended and is now as essential as a lift pass.\u00a0<\/p>\n\t\t\t\t\t\t\t\t\tWill \n\t\t\t\t\t\t\t\t\t\t\t\t\tSkier\n\t\t\t\t\t\t\t\t\t\t\n\t\t\t\t\t\t<p>My middle finger is fractured. It got trapped in a car door almost 20 years ago. I have been putting Gorilla Organic CBD balm on it three times a day, for a week and the swelling has reduced significantly. I can bend it now without resistance and it is much less painful, so it is easier to work.<\/p>\n\t\t\t\t\t\t\t\t\tKiz\n\t\t\t\t\t\t\t\t\t\t\n\t\t\t\t\t\t<p>Since using Gorilla CBD Balm, my recovery has completely changed! After my physical training or skate and snowboard sessions and more particularly in the evening before going to bed, I apply it to my tendons and joints and the places that need it and the difference is felt: the next morning the pain has clearly disappeared, the muscles have relaxed, and I recover much more quickly. In addition, the texture and smell are pleasant. Frankly, it has become essential<\/p>\n\t\t\t\t\t\t\t\t\tSeb\n\t\t\t\t\t\t\t\t\t\t\t\t\tSnowborder\n\t<!-- \/.pp-testimonials -->\n<h2>\n\t\t\tHOW TO USE\u00a0\t<\/h2>\n\t\t\t\t\t<img decoding=\"async\" src=\"https:\/\/i.ytimg.com\/vi\/1ky4QuE8mfE\/maxresdefault.jpg\" alt=\"youtube-video-thumbnail\"\/>\n\t<p>Use <strong>avant<\/strong> activity;<\/p>\n<p>On joints and muscles to warm them up before exercise.<\/p>\n<p>Use <strong>apr\u00e8s <\/strong>activity;<\/p>\n<p>Apply regularly on painful areas. Apply every 1-2 hours.<\/p>","protected":false},"excerpt":{"rendered":"<p>I am a sponsored snowboarder and have been using Gorilla since December 2024. I broke my collarbone in season. I used gorilla balm 4-5 tilmes a day, and the full spectrum dropper oils 3 times a day, and NO JOKE, after 3 weeks after my operation, I waw doing pull ups and muscle building exercises!&hellip;<\/p>","protected":false},"author":1,"featured_media":0,"parent":9,"menu_order":0,"comment_status":"closed","ping_status":"closed","template":"","meta":{"_acf_changed":false,"_seopress_robots_primary_cat":"","_seopress_titles_title":"GORILLA HIGH STRENGTH BALM | Gorilla Organic","_seopress_titles_desc":"Gorilla.organic offers 100% CBD, 0% THC treatments, to support athletes or treat everyday ailments. All of our products are designed and tested in England and Holland. No pain = More gain!","_seopress_robots_index":"","inline_featured_image":false,"footnotes":""},"class_list":["post-675","page","type-page","status-publish","hentry"],"acf":[],"_links":{"self":[{"href":"https:\/\/gorilla.organic\/fr\/wp-json\/wp\/v2\/pages\/675","targetHints":{"allow":["GET"]}}],"collection":[{"href":"https:\/\/gorilla.organic\/fr\/wp-json\/wp\/v2\/pages"}],"about":[{"href":"https:\/\/gorilla.organic\/fr\/wp-json\/wp\/v2\/types\/page"}],"author":[{"embeddable":true,"href":"https:\/\/gorilla.organic\/fr\/wp-json\/wp\/v2\/users\/1"}],"replies":[{"embeddable":true,"href":"https:\/\/gorilla.organic\/fr\/wp-json\/wp\/v2\/comments?post=675"}],"version-history":[{"count":11,"href":"https:\/\/gorilla.organic\/fr\/wp-json\/wp\/v2\/pages\/675\/revisions"}],"predecessor-version":[{"id":1127,"href":"https:\/\/gorilla.organic\/fr\/wp-json\/wp\/v2\/pages\/675\/revisions\/1127"}],"up":[{"embeddable":true,"href":"https:\/\/gorilla.organic\/fr\/wp-json\/wp\/v2\/pages\/9"}],"wp:attachment":[{"href":"https:\/\/gorilla.organic\/fr\/wp-json\/wp\/v2\/media?parent=675"}],"curies":[{"name":"wp","href":"https:\/\/api.w.org\/{rel}","templated":true}]}}