{"id":677,"date":"2025-10-10T14:43:49","date_gmt":"2025-10-10T14:43:49","guid":{"rendered":"https:\/\/gorilla.organic\/?page_id=677"},"modified":"2026-02-11T13:47:32","modified_gmt":"2026-02-11T13:47:32","slug":"gorilla-strength-pain-gel","status":"publish","type":"page","link":"https:\/\/gorilla.organic\/fr\/shop\/gorilla-strength-pain-gel\/","title":{"rendered":"GORILLA STRENGTH PAIN GEL"},"content":{"rendered":"<figure itemscope itemtype=\"https:\/\/schema.org\/ImageObject\">\n\t\t\t\t<img decoding=\"async\" src=\"https:\/\/gorilla.organic\/wp-content\/uploads\/2025\/01\/PainGel_3D_New-553x1024.png\" alt=\"PainGel_3D_New\" height=\"1024\" width=\"553\" title=\"PainGel_3D_New\" onerror=\"this.style.display='none'\" loading=\"lazy\" \/>\n\t<\/figure>\n\t\t\t<p>Ce produit est conditionn\u00e9 dans un flacon pompe de 100 ml contenant 800 mg de CBD, du camphre (comme dans le baume du Tigre) et du menthol.<\/p>\n<p>Il procure un effet rafra\u00eechissant, acc\u00e9l\u00e8re la circulation sanguine et soulage instantan\u00e9ment les douleurs<\/p>\n<p>UTILISATION: Apply cream liberally to body or targeted areas. Rub until fully absorbed. Use as required. not recommended for pregnant or nursing women.<\/p>\n<p>INGREDIENTS: Aqua, Sunflower Seed Oil, Squalane Oil, Glycerin, Stearyl Alcohol, Stearyl Heptanoate, Stearyl Caprylate, Shea nut butter, Cetyl Alcohol, Steareth-2 &amp; 21, Isostearyl, Isostearate, CBD 800mg, Benzyl Alcohol, Bergamot Oil, Menthol, Camphor, Lanolin, Sodium Citrate, Citric acid and Sodium Benzolate Very powerful pain reducing cream, designed for extreme people!<br \/>\ncontains the highest quality CBD.<\/p>\n<p>Weight: 120g<br \/>\nDim: 5x5x15cm<\/p>\n\n<p><img decoding=\"async\" src=\"https:\/\/gorilla.organic\/wp-content\/uploads\/2024\/11\/gorilla_footer_logos-WHITE.svg\" alt=\"\" width=\"100%\" \/><\/p>\n\t\t<h5>Modal Popup &#8211; ID <\/h5>\n\t\tClick here to edit the &quot;Modal Popup&quot; settings. This text will not be visible on frontend.\t\n\t\t<h2>\n\t\t\tGORILLA\n\t\t\t\t\t\t\t\t\t\t\tSTRENGTH PAIN GEL\n\t\t<\/h2>\n<h2>\n\t\t\t<span class=\"woocommerce-Price-amount amount\"><bdi>37.00<span class=\"woocommerce-Price-currencySymbol\">\u20ac<\/span><\/bdi><\/span>\t<\/h2>\n\t<p><div class=\"review_star_rating\"><i class=\"fa-sharp fa-solid fa-star\"><\/i> <i class=\"fa-sharp fa-solid fa-star\"><\/i> <i class=\"fa-sharp fa-solid fa-star\"><\/i> <i class=\"fa-sharp fa-solid fa-star\"><\/i> <i class=\"fa-sharp fa-solid fa-star-half-stroke\"><\/i> <\/div><div class=\"rating_adverage\">Rated 4.5 \/ 5 based on 2 reviews<\/div><\/p>\n\t<p>Profitez d\u2019un soulagement instantan\u00e9 avec notre Gel CBD Extr\u00eame Effet Glacial, sp\u00e9cialement con\u00e7u pour la r\u00e9cup\u00e9ration apr\u00e8s le sport.<\/p>\n<p>Packed with 800mg of CBD, and enhanced with white camphor, menthol, and eucalyptus, this powerful formula delivers an intense cooling sensation-like applying an ice pack directly to your skin. It helps calm inflammation, reduce pain, and accelerate muscle recovery after tough training sessions.<\/p>\n<p>Apply to the affected area for immediate, refreshing relief and faster bounce-back-perfect for athletes pushing their limits day after day.<\/p>\n<ul>\n<li>R\u00e9duit les courbatures et les inflammations.<\/li>\n<li>R\u00e9duit les ecchymoses<\/li>\n<li>Acc\u00e9l\u00e8re la r\u00e9cup\u00e9ration<\/li>\n<\/ul>\n\t\t\t\t\t\t\t\t\t\t\t\t\t\t\t\t\t\t<a href=\"\/fr\/?page_id=677&#038;fl_builder&#038;add-to-cart=32\" aria-describedby=\"woocommerce_loop_add_to_cart_link_describedby_32\" data-quantity=\"1\" data-product_id=\"32\" data-product_sku=\"\" aria-label=\"Add to basket: &ldquo;GORILLA STRENGTH CBD PAIN GEL&rdquo;\" rel=\"nofollow\" data-success_message=\"&ldquo;GORILLA STRENGTH CBD PAIN GEL&rdquo; has been added to your cart\" role=\"button\">Add to basket<\/a>\t\n\t\t\t\n        <div class=\"product_review\">\n            <h3>Casper (Snowboarder\/Skateboarder)<\/h3>\n            <div class=\"product_review_rating\"><i class=\"fa-sharp fa-solid fa-star\"><\/i> <i class=\"fa-sharp fa-solid fa-star\"><\/i> <i class=\"fa-sharp fa-solid fa-star\"><\/i> <i class=\"fa-sharp fa-solid fa-star\"><\/i> <i class=\"fa-sharp fa-solid fa-star-half-stroke\"><\/i> <\/div>\n            <div class=\"product_review_content\">Got some gorilla pain cream for some muscle pain around the neck and back and this stuff helped. Big plus that the smell was lovely and it had some moisturizing properties as well and didn't leave a sticky coating like some gels do. 5\/5, would get creamed by a gorilla again!<\/div>\n        <\/div>\n        <div class=\"product_review\">\n            <h3>Eli R (Pro dirt bike)<\/h3>\n            <div class=\"product_review_rating\"><i class=\"fa-sharp fa-solid fa-star\"><\/i> <i class=\"fa-sharp fa-solid fa-star\"><\/i> <i class=\"fa-sharp fa-solid fa-star\"><\/i> <i class=\"fa-sharp fa-solid fa-star\"><\/i> <i class=\"fa-sharp fa-solid fa-star-half-stroke\"><\/i> <\/div>\n            <div class=\"product_review_content\">After only 4 days of using the GORILLA ORGANIC PAIN COOLING GEL it works crazily well!! It has removed my back pain and helped massively with my broken collarbone pain. My mum used it on her hands as she suffers from carpal tunnel syndrome and in just one application removed her pain!<\/div>\n        <\/div>\n\t\t<h5>Modal Popup &#8211; ID <\/h5>\n\t\tClick here to edit the &quot;Modal Popup&quot; settings. This text will not be visible on frontend.\t\n\t\t\t\t\t\t\t\t\t\t\n\t\t\t\t\t\t<p>After only 4 days of using the GORILLA ORGANIC PAIN COOLING GEL it works crazily well!! It has removed my back pain and helped massively with my broken collarbone pain. My mum used it on her hands as she suffers from carpal tunnel syndrome, in just one application removed her pain!<\/p>\n\t\t\t\t\t\t\t\t\tEli R \n\t\t\t\t\t\t\t\t\t\t\t\t\tPro dirt bike\n\t\t\t\t\t\t\t\t\t\t\n\t\t\t\t\t\t<p>Got some gorilla pain cream\u00a0 for some muscle pain around the neck and back and this stuff helped. Big plus that the smell was lovely and it had some moisturizing properties as well and didn&#8217;t leave a sticky coating like some gels do. 5\/5, would get creamed by a gorilla again!&#8221;<\/p>\n\t\t\t\t\t\t\t\t\tCasper\n\t\t\t\t\t\t\t\t\t\t\t\t\tSnowboarder\/Skateboarder\n\t<!-- \/.pp-testimonials -->\n<h2>\n\t\t\tHOW TO USE\u00a0\t<\/h2>\n\t\t\t\t\t<img decoding=\"async\" src=\"https:\/\/i.ytimg.com\/vi\/DGihr1YnPXs\/maxresdefault.jpg\" alt=\"youtube-video-thumbnail\"\/>\n\t<p>Use <strong>apr\u00e8s <\/strong>activity (like an ice pack!) Apply every 2 hours to painful areas.<\/p>\n<p>To be used all over the body after showering after activity (applied once) to reduce general aches and pains<\/p>\n<p>Ideally, apply just before sleeping on very painful areas to help reduce pain to allow you to sleep.<\/p>","protected":false},"excerpt":{"rendered":"<p>After only 4 days of using the GORILLA ORGANIC PAIN COOLING GEL it works crazily well!! It has removed my back pain and helped massively with my broken collarbone pain. My mum used it on her hands as she suffers from carpal tunnel syndrome and in just one application removed her pain!<\/p>","protected":false},"author":1,"featured_media":0,"parent":9,"menu_order":0,"comment_status":"closed","ping_status":"closed","template":"","meta":{"_acf_changed":false,"_seopress_robots_primary_cat":"","_seopress_titles_title":"GORILLA STRENGTH PAIN GEL | Gorilla Organic","_seopress_titles_desc":"Gorilla.organic offers 100% CBD, 0% THC treatments, to support athletes or treat everyday ailments. All of our products are designed and tested in England and Holland. No pain = More gain!","_seopress_robots_index":"","inline_featured_image":false,"footnotes":""},"class_list":["post-677","page","type-page","status-publish","hentry"],"acf":[],"_links":{"self":[{"href":"https:\/\/gorilla.organic\/fr\/wp-json\/wp\/v2\/pages\/677","targetHints":{"allow":["GET"]}}],"collection":[{"href":"https:\/\/gorilla.organic\/fr\/wp-json\/wp\/v2\/pages"}],"about":[{"href":"https:\/\/gorilla.organic\/fr\/wp-json\/wp\/v2\/types\/page"}],"author":[{"embeddable":true,"href":"https:\/\/gorilla.organic\/fr\/wp-json\/wp\/v2\/users\/1"}],"replies":[{"embeddable":true,"href":"https:\/\/gorilla.organic\/fr\/wp-json\/wp\/v2\/comments?post=677"}],"version-history":[{"count":11,"href":"https:\/\/gorilla.organic\/fr\/wp-json\/wp\/v2\/pages\/677\/revisions"}],"predecessor-version":[{"id":1130,"href":"https:\/\/gorilla.organic\/fr\/wp-json\/wp\/v2\/pages\/677\/revisions\/1130"}],"up":[{"embeddable":true,"href":"https:\/\/gorilla.organic\/fr\/wp-json\/wp\/v2\/pages\/9"}],"wp:attachment":[{"href":"https:\/\/gorilla.organic\/fr\/wp-json\/wp\/v2\/media?parent=677"}],"curies":[{"name":"wp","href":"https:\/\/api.w.org\/{rel}","templated":true}]}}