{"id":680,"date":"2025-10-10T14:54:54","date_gmt":"2025-10-10T14:54:54","guid":{"rendered":"https:\/\/gorilla.organic\/?page_id=680"},"modified":"2026-02-11T13:47:31","modified_gmt":"2026-02-11T13:47:31","slug":"gorilla-massage-oil","status":"publish","type":"page","link":"https:\/\/gorilla.organic\/fr\/shop\/gorilla-massage-oil\/","title":{"rendered":"GORILLA MASSAGE OIL"},"content":{"rendered":"<figure itemscope itemtype=\"https:\/\/schema.org\/ImageObject\">\n\t\t\t\t<img decoding=\"async\" src=\"https:\/\/gorilla.organic\/wp-content\/uploads\/2024\/08\/MassageOil.png\" alt=\"Huile de massage\" height=\"814\" width=\"500\" title=\"Huile de massage\" onerror=\"this.style.display='none'\" loading=\"lazy\" \/>\n\t<\/figure>\n\t\t\t<p>Notre huile de massage est l\u2019une des rares \u00e0 \u00eatre fabriqu\u00e9e exclusivement \u00e0 partir de la plante de chanvre. Les corps gras proviennent d\u2019extractions de MCP, offrant un effet hydratant sans laisser de film gra<\/p>\n<p>UTILISATION: Spray and massage all over the body<\/p>\n<p>PRECAUTIONS: Not recommended for pregnant or nursing women.<\/p>\n<p>INGREDIENTS: Pure Sativa L, MCT-OIL, CBD Oil<\/p>\n<p>Poids : 70g<br \/>\nDimensions: 4 x4 x 12 cm<\/p>\n\n<p><img decoding=\"async\" src=\"https:\/\/gorilla.organic\/wp-content\/uploads\/2024\/11\/gorilla_footer_logos-WHITE.svg\" alt=\"\" width=\"100%\" \/><\/p>\n\t\t<h5>Modal Popup &#8211; ID <\/h5>\n\t\tClick here to edit the &quot;Modal Popup&quot; settings. This text will not be visible on frontend.\t\n\t\t<h2>\n\t\t\tGORILLA\n\t\t\t\t\t\t\t\t\t\t\tCBD MASSAGE OIL\n\t\t<\/h2>\n<h2>\n\t\t\t<span class=\"woocommerce-Price-amount amount\"><bdi>38.00<span class=\"woocommerce-Price-currencySymbol\">\u20ac<\/span><\/bdi><\/span>\t<\/h2>\n\t<p><div class=\"review_star_rating\"><i class=\"fa-sharp fa-solid fa-star\"><\/i> <i class=\"fa-sharp fa-solid fa-star\"><\/i> <i class=\"fa-sharp fa-solid fa-star\"><\/i> <i class=\"fa-sharp fa-solid fa-star\"><\/i> <i class=\"fa-sharp fa-solid fa-star-half-stroke\"><\/i> <\/div><div class=\"rating_adverage\">Rated 4.5 \/ 5 based on 1 review<\/div><\/p>\n\t<p>Offrez-vous un moment profond\u00e9ment relaxant avec notre Huile de Massage au CBD, \u00e9labor\u00e9e \u00e0 100 % \u00e0 partir de la plante de chanvre sativa, sans aucune huile ajout\u00e9e.<\/p>\n<p>Our CBD-infused massage oil may help ease tension, promote relaxation, and support overall well-being-while also helping to rehydrate and soften the skin.<\/p>\n<p>Un rituel naturel et apaisant, id\u00e9al pour un massage complet du corps.<\/p>\n<ul>\n<li>D\u00e9tendre le corps et l'esprit<\/li>\n<li>Aide \u00e0 soulager les muscles et les articulations fatigu\u00e9s<\/li>\n<li>R\u00e9hydrate la peau<\/li>\n<\/ul>\n\t\t\t\t\t\t\t\t\t\t\t\t\t\t\t\t\t\t<a href=\"\/fr\/?page_id=680&#038;fl_builder&#038;add-to-cart=26\" aria-describedby=\"woocommerce_loop_add_to_cart_link_describedby_26\" data-quantity=\"1\" data-product_id=\"26\" data-product_sku=\"\" aria-label=\"Add to basket: &ldquo;GORILLA CBD MASSAGE OIL&rdquo;\" rel=\"nofollow\" data-success_message=\"&ldquo;GORILLA CBD MASSAGE OIL&rdquo; has been added to your cart\" role=\"button\">Add to basket<\/a>\t\n\t\t\t\n        <div class=\"product_review\">\n            <h3>Matthiew (Snowboarder)<\/h3>\n            <div class=\"product_review_rating\"><i class=\"fa-sharp fa-solid fa-star\"><\/i> <i class=\"fa-sharp fa-solid fa-star\"><\/i> <i class=\"fa-sharp fa-solid fa-star\"><\/i> <i class=\"fa-sharp fa-solid fa-star\"><\/i> <i class=\"fa-sharp fa-solid fa-star-half-stroke\"><\/i> <\/div>\n            <div class=\"product_review_content\">After a good session on the snow or a slightly too busy day, I love massaging my muscles with this massage oil. The texture is soft and not too oily, the scent natural, and the feeling of relaxation is instant <\/div>\n        <\/div>\n\t\t<h5>Modal Popup &#8211; ID <\/h5>\n\t\tClick here to edit the &quot;Modal Popup&quot; settings. This text will not be visible on frontend.\t\n\t\t\t\t\t\t\t\t\t\t\n\t\t\t\t\t\t<p>After a good session on the snow or a slightly too busy day, I love massaging my muscles with this massage oil. The texture is soft and not too oily, the scent is natural, and the feeling of relaxation is instant<\/p>\n\t\t\t\t\t\t\t\t\tMatthiew\n\t\t\t\t\t\t\t\t\t\t\t\t\tSnowboarder\n\t<!-- \/.pp-testimonials -->\n<h2>\n\t\t\tHOW TO USE\u00a0\t<\/h2>\n\t\t\t\t\t<img decoding=\"async\" src=\"https:\/\/i.ytimg.com\/vi\/98ssRiMBYzk\/maxresdefault.jpg\" alt=\"youtube-video-thumbnail\"\/>\n\t<p>Use <strong>avant<\/strong> activity;<\/p>\n<p>On joints and muscles to warm them up before exercise.<\/p>\n<p>Use <strong>apr\u00e8s <\/strong>activity;<\/p>\n<p>Apply regularly on painful areas. Apply every 1-2 hours.<\/p>","protected":false},"excerpt":{"rendered":"<p>After a good session on the snow or a slightly too busy day, I love massaging my muscles with this massage oil. The texture is soft and not too oily, the scent natural, and the feeling of relaxation is instant<\/p>","protected":false},"author":1,"featured_media":0,"parent":9,"menu_order":0,"comment_status":"closed","ping_status":"closed","template":"","meta":{"_acf_changed":false,"_seopress_robots_primary_cat":"","_seopress_titles_title":"GORILLA MASSAGE OIL | Gorilla Organic","_seopress_titles_desc":"Gorilla.organic offers 100% CBD, 0% THC treatments, to support athletes or treat everyday ailments. All of our products are designed and tested in England and Holland. No pain = More gain!","_seopress_robots_index":"","inline_featured_image":false,"footnotes":""},"class_list":["post-680","page","type-page","status-publish","hentry"],"acf":[],"_links":{"self":[{"href":"https:\/\/gorilla.organic\/fr\/wp-json\/wp\/v2\/pages\/680","targetHints":{"allow":["GET"]}}],"collection":[{"href":"https:\/\/gorilla.organic\/fr\/wp-json\/wp\/v2\/pages"}],"about":[{"href":"https:\/\/gorilla.organic\/fr\/wp-json\/wp\/v2\/types\/page"}],"author":[{"embeddable":true,"href":"https:\/\/gorilla.organic\/fr\/wp-json\/wp\/v2\/users\/1"}],"replies":[{"embeddable":true,"href":"https:\/\/gorilla.organic\/fr\/wp-json\/wp\/v2\/comments?post=680"}],"version-history":[{"count":11,"href":"https:\/\/gorilla.organic\/fr\/wp-json\/wp\/v2\/pages\/680\/revisions"}],"predecessor-version":[{"id":1126,"href":"https:\/\/gorilla.organic\/fr\/wp-json\/wp\/v2\/pages\/680\/revisions\/1126"}],"up":[{"embeddable":true,"href":"https:\/\/gorilla.organic\/fr\/wp-json\/wp\/v2\/pages\/9"}],"wp:attachment":[{"href":"https:\/\/gorilla.organic\/fr\/wp-json\/wp\/v2\/media?parent=680"}],"curies":[{"name":"wp","href":"https:\/\/api.w.org\/{rel}","templated":true}]}}